{"id":130,"date":"2023-06-28T09:38:39","date_gmt":"2023-06-28T10:38:39","guid":{"rendered":"https:\/\/immobilier.topconsult.fr\/?page_id=130"},"modified":"2023-06-28T09:39:49","modified_gmt":"2023-06-28T10:39:49","slug":"plomberie","status":"publish","type":"page","link":"https:\/\/immobilier.topconsult.fr\/index.php\/plomberie\/","title":{"rendered":"PLOMBERIE"},"content":{"rendered":"\t\t<div data-elementor-type=\"wp-page\" data-elementor-id=\"130\" class=\"elementor elementor-130\">\n\t\t\t\t\t\t<section class=\"elementor-section elementor-top-section elementor-element elementor-element-b114b5e elementor-section-boxed elementor-section-height-default elementor-section-height-default\" data-id=\"b114b5e\" data-element_type=\"section\" data-e-type=\"section\">\n\t\t\t\t\t\t<div class=\"elementor-container elementor-column-gap-default\">\n\t\t\t\t\t<div class=\"elementor-column elementor-col-100 elementor-top-column elementor-element elementor-element-e15ce00\" data-id=\"e15ce00\" data-element_type=\"column\" data-e-type=\"column\">\n\t\t\t<div class=\"elementor-widget-wrap elementor-element-populated\">\n\t\t\t\t\t\t<div class=\"elementor-element elementor-element-5c0f5b5 elementor-widget elementor-widget-wpzoom-elementor-addons-woo-products\" data-id=\"5c0f5b5\" data-element_type=\"widget\" data-e-type=\"widget\" data-widget_type=\"wpzoom-elementor-addons-woo-products.default\">\n\t\t\t\t<div class=\"elementor-widget-container\">\n\t\t\t\t\t<div class=\"wpzoom-elementor-addons-woo-products woocommerce columns-4\"><ul class=\"products columns-4\">\n<li class=\"product type-product post-160 status-publish first instock product_cat-plomberie has-post-thumbnail shipping-taxable purchasable product-type-variable has-default-attributes\">\n\t<\/li>\n<li class=\"product type-product post-156 status-publish instock product_cat-plomberie has-post-thumbnail shipping-taxable purchasable product-type-variable has-default-attributes\">\n\t<\/li>\n<li class=\"product type-product post-136 status-publish instock product_cat-plomberie has-post-thumbnail shipping-taxable purchasable product-type-variable has-default-attributes\">\n\t<\/li>\n<li class=\"product type-product post-112 status-publish last instock product_cat-plomberie has-post-thumbnail shipping-taxable purchasable product-type-variable has-default-attributes\">\n\t<\/li>\n<\/ul>\n<\/div>\t\t\t\t<\/div>\n\t\t\t\t<\/div>\n\t\t\t\t<div class=\"elementor-element elementor-element-301685b elementor-widget elementor-widget-wpzoom-elementor-addons-woo-products\" data-id=\"301685b\" data-element_type=\"widget\" data-e-type=\"widget\" data-widget_type=\"wpzoom-elementor-addons-woo-products.default\">\n\t\t\t\t<div class=\"elementor-widget-container\">\n\t\t\t\t\t<div class=\"wpzoom-elementor-addons-woo-products woocommerce columns-4\"><ul class=\"products columns-4\">\n<li class=\"product type-product post-109 status-publish first instock product_cat-electricite has-post-thumbnail shipping-taxable purchasable product-type-simple\">\n\t<\/li>\n<li class=\"product type-product post-108 status-publish instock product_cat-electricite has-post-thumbnail shipping-taxable purchasable product-type-simple\">\n\t<\/li>\n<li class=\"product type-product post-104 status-publish instock product_cat-electricite has-post-thumbnail shipping-taxable purchasable product-type-simple\">\n\t<\/li>\n<li class=\"product type-product post-99 status-publish last instock product_cat-electricite has-post-thumbnail shipping-taxable purchasable product-type-variable has-default-attributes\">\n\t<\/li>\n<\/ul>\n<\/div>\t\t\t\t<\/div>\n\t\t\t\t<\/div>\n\t\t\t\t\t<\/div>\n\t\t<\/div>\n\t\t\t\t\t<\/div>\n\t\t<\/section>\n\t\t\t\t<\/div>\n\t\t","protected":false},"excerpt":{"rendered":"<p>Installateur climatisation 890.00&nbsp;&#8362; &ndash; 2,100.00&nbsp;&#8362; Choix des options Installateur climatisation 1,800.00&nbsp;&#8362; Ajouter au panier Installateur t\u00e9l\u00e9vision 400.00&nbsp;&#8362; Ajouter au panier Installateur Ventilateur 400.00&nbsp;&#8362; Ajouter au panier Prise \u00e9lectrique 150.00&nbsp;&#8362; &ndash; 799.00&nbsp;&#8362; Choix des options<\/p>\n","protected":false},"author":1,"featured_media":12,"parent":0,"menu_order":0,"comment_status":"closed","ping_status":"closed","template":"","meta":{"_joinchat":[],"footnotes":""},"class_list":["post-130","page","type-page","status-publish","has-post-thumbnail","hentry"],"featured_media_urls":{"thumbnail":["https:\/\/immobilier.topconsult.fr\/wp-content\/uploads\/2023\/02\/apartment-g52ed494cd_1920-150x150.jpg",150,150,true],"medium":["https:\/\/immobilier.topconsult.fr\/wp-content\/uploads\/2023\/02\/apartment-g52ed494cd_1920-300x199.jpg",300,199,true],"medium_large":["https:\/\/immobilier.topconsult.fr\/wp-content\/uploads\/2023\/02\/apartment-g52ed494cd_1920-768x510.jpg",768,510,true],"large":["https:\/\/immobilier.topconsult.fr\/wp-content\/uploads\/2023\/02\/apartment-g52ed494cd_1920-1024x680.jpg",950,631,true],"1536x1536":["https:\/\/immobilier.topconsult.fr\/wp-content\/uploads\/2023\/02\/apartment-g52ed494cd_1920-1536x1020.jpg",1536,1020,true],"2048x2048":["https:\/\/immobilier.topconsult.fr\/wp-content\/uploads\/2023\/02\/apartment-g52ed494cd_1920.jpg",1920,1275,false],"inspiro-featured-image":["https:\/\/immobilier.topconsult.fr\/wp-content\/uploads\/2023\/02\/apartment-g52ed494cd_1920.jpg",1920,1275,false],"inspiro-loop":["https:\/\/immobilier.topconsult.fr\/wp-content\/uploads\/2023\/02\/apartment-g52ed494cd_1920-950x320.jpg",950,320,true],"inspiro-loop@2x":["https:\/\/immobilier.topconsult.fr\/wp-content\/uploads\/2023\/02\/apartment-g52ed494cd_1920-1900x640.jpg",1900,640,true],"mailpoet_newsletter_max":["https:\/\/immobilier.topconsult.fr\/wp-content\/uploads\/2023\/02\/apartment-g52ed494cd_1920.jpg",1320,877,false],"woocommerce_thumbnail":["https:\/\/immobilier.topconsult.fr\/wp-content\/uploads\/2023\/02\/apartment-g52ed494cd_1920-300x300.jpg",300,300,true],"woocommerce_single":["https:\/\/immobilier.topconsult.fr\/wp-content\/uploads\/2023\/02\/apartment-g52ed494cd_1920-600x398.jpg",600,398,true],"woocommerce_gallery_thumbnail":["https:\/\/immobilier.topconsult.fr\/wp-content\/uploads\/2023\/02\/apartment-g52ed494cd_1920-100x100.jpg",100,100,true],"portfolio_item-thumbnail":["https:\/\/immobilier.topconsult.fr\/wp-content\/uploads\/2023\/02\/apartment-g52ed494cd_1920-600x400.jpg",600,400,true],"portfolio_item-thumbnail@2x":["https:\/\/immobilier.topconsult.fr\/wp-content\/uploads\/2023\/02\/apartment-g52ed494cd_1920.jpg",1200,797,false],"portfolio_item-masonry":["https:\/\/immobilier.topconsult.fr\/wp-content\/uploads\/2023\/02\/apartment-g52ed494cd_1920-600x398.jpg",600,398,true],"portfolio_item-masonry@2x":["https:\/\/immobilier.topconsult.fr\/wp-content\/uploads\/2023\/02\/apartment-g52ed494cd_1920.jpg",1200,797,false],"portfolio_item-thumbnail_cinema":["https:\/\/immobilier.topconsult.fr\/wp-content\/uploads\/2023\/02\/apartment-g52ed494cd_1920-800x335.jpg",800,335,true],"portfolio_item-thumbnail_portrait":["https:\/\/immobilier.topconsult.fr\/wp-content\/uploads\/2023\/02\/apartment-g52ed494cd_1920-600x900.jpg",600,900,true],"portfolio_item-thumbnail_portrait@2x":["https:\/\/immobilier.topconsult.fr\/wp-content\/uploads\/2023\/02\/apartment-g52ed494cd_1920.jpg",1200,797,false],"portfolio_item-thumbnail_square":["https:\/\/immobilier.topconsult.fr\/wp-content\/uploads\/2023\/02\/apartment-g52ed494cd_1920-800x800.jpg",800,800,true]},"_links":{"self":[{"href":"https:\/\/immobilier.topconsult.fr\/index.php\/wp-json\/wp\/v2\/pages\/130","targetHints":{"allow":["GET"]}}],"collection":[{"href":"https:\/\/immobilier.topconsult.fr\/index.php\/wp-json\/wp\/v2\/pages"}],"about":[{"href":"https:\/\/immobilier.topconsult.fr\/index.php\/wp-json\/wp\/v2\/types\/page"}],"author":[{"embeddable":true,"href":"https:\/\/immobilier.topconsult.fr\/index.php\/wp-json\/wp\/v2\/users\/1"}],"replies":[{"embeddable":true,"href":"https:\/\/immobilier.topconsult.fr\/index.php\/wp-json\/wp\/v2\/comments?post=130"}],"version-history":[{"count":4,"href":"https:\/\/immobilier.topconsult.fr\/index.php\/wp-json\/wp\/v2\/pages\/130\/revisions"}],"predecessor-version":[{"id":134,"href":"https:\/\/immobilier.topconsult.fr\/index.php\/wp-json\/wp\/v2\/pages\/130\/revisions\/134"}],"wp:featuredmedia":[{"embeddable":true,"href":"https:\/\/immobilier.topconsult.fr\/index.php\/wp-json\/wp\/v2\/media\/12"}],"wp:attachment":[{"href":"https:\/\/immobilier.topconsult.fr\/index.php\/wp-json\/wp\/v2\/media?parent=130"}],"curies":[{"name":"wp","href":"https:\/\/api.w.org\/{rel}","templated":true}]}}