{"id":108,"date":"2023-06-28T07:19:56","date_gmt":"2023-06-28T08:19:56","guid":{"rendered":"https:\/\/immobilier.topconsult.fr\/?post_type=product&#038;p=108"},"modified":"2023-06-28T07:22:11","modified_gmt":"2023-06-28T08:22:11","slug":"installateur-ventilateur-copie","status":"publish","type":"product","link":"https:\/\/immobilier.topconsult.fr\/index.php\/produit\/installateur-ventilateur-copie\/","title":{"rendered":"Installateur t\u00e9l\u00e9vision"},"content":{"rendered":"<p>Vous avez besoin d&#8217;installer une t\u00e9l\u00e9vision sur votre mur ?<\/p>\n<p>&nbsp;<\/p>\n","protected":false},"excerpt":{"rendered":"<p>Un technicien viendra se rendre \u00e0 votre domicile pour effectuer l&#8217;installation de votre t\u00e9l\u00e9vision.<\/p>\n<p>Le tarif comprend.<\/p>\n<ul>\n<li>Le d\u00e9placement<\/li>\n<li>La main d&#8217;oeuvre<\/li>\n<li>La r\u00e9alisation des trous pour installer le support<\/li>\n<li>La pose de la t\u00e9l\u00e9vision<\/li>\n<li>Le branchement des c\u00e2bles<\/li>\n<\/ul>\n","protected":false},"featured_media":80,"comment_status":"open","ping_status":"closed","template":"","meta":{"_joinchat":[]},"product_cat":[18],"product_tag":[],"class_list":["post-108","product","type-product","status-publish","has-post-thumbnail","hentry","product_cat-electricite"],"featured_media_urls":{"thumbnail":["https:\/\/immobilier.topconsult.fr\/wp-content\/uploads\/2023\/06\/Tele-150x150.png",150,150,true],"medium":["https:\/\/immobilier.topconsult.fr\/wp-content\/uploads\/2023\/06\/Tele-300x201.png",300,201,true],"medium_large":["https:\/\/immobilier.topconsult.fr\/wp-content\/uploads\/2023\/06\/Tele.png",455,305,false],"large":["https:\/\/immobilier.topconsult.fr\/wp-content\/uploads\/2023\/06\/Tele.png",455,305,false],"1536x1536":["https:\/\/immobilier.topconsult.fr\/wp-content\/uploads\/2023\/06\/Tele.png",455,305,false],"2048x2048":["https:\/\/immobilier.topconsult.fr\/wp-content\/uploads\/2023\/06\/Tele.png",455,305,false],"inspiro-featured-image":["https:\/\/immobilier.topconsult.fr\/wp-content\/uploads\/2023\/06\/Tele.png",455,305,false],"inspiro-loop":["https:\/\/immobilier.topconsult.fr\/wp-content\/uploads\/2023\/06\/Tele.png",455,305,false],"inspiro-loop@2x":["https:\/\/immobilier.topconsult.fr\/wp-content\/uploads\/2023\/06\/Tele.png",455,305,false],"mailpoet_newsletter_max":["https:\/\/immobilier.topconsult.fr\/wp-content\/uploads\/2023\/06\/Tele.png",455,305,false],"woocommerce_thumbnail":["https:\/\/immobilier.topconsult.fr\/wp-content\/uploads\/2023\/06\/Tele-300x300.png",300,300,true],"woocommerce_single":["https:\/\/immobilier.topconsult.fr\/wp-content\/uploads\/2023\/06\/Tele.png",455,305,false],"woocommerce_gallery_thumbnail":["https:\/\/immobilier.topconsult.fr\/wp-content\/uploads\/2023\/06\/Tele-100x100.png",100,100,true],"portfolio_item-thumbnail":["https:\/\/immobilier.topconsult.fr\/wp-content\/uploads\/2023\/06\/Tele.png",455,305,false],"portfolio_item-thumbnail@2x":["https:\/\/immobilier.topconsult.fr\/wp-content\/uploads\/2023\/06\/Tele.png",455,305,false],"portfolio_item-masonry":["https:\/\/immobilier.topconsult.fr\/wp-content\/uploads\/2023\/06\/Tele.png",455,305,false],"portfolio_item-masonry@2x":["https:\/\/immobilier.topconsult.fr\/wp-content\/uploads\/2023\/06\/Tele.png",455,305,false],"portfolio_item-thumbnail_cinema":["https:\/\/immobilier.topconsult.fr\/wp-content\/uploads\/2023\/06\/Tele.png",455,305,false],"portfolio_item-thumbnail_portrait":["https:\/\/immobilier.topconsult.fr\/wp-content\/uploads\/2023\/06\/Tele.png",455,305,false],"portfolio_item-thumbnail_portrait@2x":["https:\/\/immobilier.topconsult.fr\/wp-content\/uploads\/2023\/06\/Tele.png",455,305,false],"portfolio_item-thumbnail_square":["https:\/\/immobilier.topconsult.fr\/wp-content\/uploads\/2023\/06\/Tele.png",455,305,false]},"_links":{"self":[{"href":"https:\/\/immobilier.topconsult.fr\/index.php\/wp-json\/wp\/v2\/product\/108","targetHints":{"allow":["GET"]}}],"collection":[{"href":"https:\/\/immobilier.topconsult.fr\/index.php\/wp-json\/wp\/v2\/product"}],"about":[{"href":"https:\/\/immobilier.topconsult.fr\/index.php\/wp-json\/wp\/v2\/types\/product"}],"replies":[{"embeddable":true,"href":"https:\/\/immobilier.topconsult.fr\/index.php\/wp-json\/wp\/v2\/comments?post=108"}],"wp:featuredmedia":[{"embeddable":true,"href":"https:\/\/immobilier.topconsult.fr\/index.php\/wp-json\/wp\/v2\/media\/80"}],"wp:attachment":[{"href":"https:\/\/immobilier.topconsult.fr\/index.php\/wp-json\/wp\/v2\/media?parent=108"}],"wp:term":[{"taxonomy":"product_cat","embeddable":true,"href":"https:\/\/immobilier.topconsult.fr\/index.php\/wp-json\/wp\/v2\/product_cat?post=108"},{"taxonomy":"product_tag","embeddable":true,"href":"https:\/\/immobilier.topconsult.fr\/index.php\/wp-json\/wp\/v2\/product_tag?post=108"}],"curies":[{"name":"wp","href":"https:\/\/api.w.org\/{rel}","templated":true}]}}