{"id":109,"date":"2023-06-28T07:23:29","date_gmt":"2023-06-28T08:23:29","guid":{"rendered":"https:\/\/immobilier.topconsult.fr\/?post_type=product&#038;p=109"},"modified":"2023-06-28T07:29:26","modified_gmt":"2023-06-28T08:29:26","slug":"installateur-climatisation","status":"publish","type":"product","link":"https:\/\/immobilier.topconsult.fr\/index.php\/produit\/installateur-climatisation\/","title":{"rendered":"Installateur climatisation"},"content":{"rendered":"<p>Vous avez besoin d&#8217;installer une climatisation ?<\/p>\n<p>Cette solution est id\u00e9ale pour ma\u00eetriser les co\u00fbts li\u00e9s \u00e0 l&#8217;installation.<\/p>\n<p>&nbsp;<\/p>\n","protected":false},"excerpt":{"rendered":"<p>Un technicien viendra se rendre \u00e0 votre domicile pour effectuer l&#8217;installation de votre climatisation.<\/p>\n<p>Le tarif comprend.<\/p>\n<ul>\n<li>Le d\u00e9placement<\/li>\n<li>La main d&#8217;oeuvre<\/li>\n<li>La r\u00e9alisation des trous pour installer le support<\/li>\n<li>La pose de la climatisation \u00e0 l&#8217;endroit d\u00e9sir\u00e9<\/li>\n<li>Le raccordement au moteur<\/li>\n<\/ul>\n","protected":false},"featured_media":110,"comment_status":"open","ping_status":"closed","template":"","meta":{"_joinchat":[]},"product_cat":[18],"product_tag":[],"class_list":["post-109","product","type-product","status-publish","has-post-thumbnail","hentry","product_cat-electricite"],"featured_media_urls":{"thumbnail":["https:\/\/immobilier.topconsult.fr\/wp-content\/uploads\/2023\/06\/Climatisateur-150x150.png",150,150,true],"medium":["https:\/\/immobilier.topconsult.fr\/wp-content\/uploads\/2023\/06\/Climatisateur-300x197.png",300,197,true],"medium_large":["https:\/\/immobilier.topconsult.fr\/wp-content\/uploads\/2023\/06\/Climatisateur.png",443,291,false],"large":["https:\/\/immobilier.topconsult.fr\/wp-content\/uploads\/2023\/06\/Climatisateur.png",443,291,false],"1536x1536":["https:\/\/immobilier.topconsult.fr\/wp-content\/uploads\/2023\/06\/Climatisateur.png",443,291,false],"2048x2048":["https:\/\/immobilier.topconsult.fr\/wp-content\/uploads\/2023\/06\/Climatisateur.png",443,291,false],"inspiro-featured-image":["https:\/\/immobilier.topconsult.fr\/wp-content\/uploads\/2023\/06\/Climatisateur.png",443,291,false],"inspiro-loop":["https:\/\/immobilier.topconsult.fr\/wp-content\/uploads\/2023\/06\/Climatisateur.png",443,291,false],"inspiro-loop@2x":["https:\/\/immobilier.topconsult.fr\/wp-content\/uploads\/2023\/06\/Climatisateur.png",443,291,false],"mailpoet_newsletter_max":["https:\/\/immobilier.topconsult.fr\/wp-content\/uploads\/2023\/06\/Climatisateur.png",443,291,false],"woocommerce_thumbnail":["https:\/\/immobilier.topconsult.fr\/wp-content\/uploads\/2023\/06\/Climatisateur-300x291.png",300,291,true],"woocommerce_single":["https:\/\/immobilier.topconsult.fr\/wp-content\/uploads\/2023\/06\/Climatisateur.png",443,291,false],"woocommerce_gallery_thumbnail":["https:\/\/immobilier.topconsult.fr\/wp-content\/uploads\/2023\/06\/Climatisateur-100x100.png",100,100,true],"portfolio_item-thumbnail":["https:\/\/immobilier.topconsult.fr\/wp-content\/uploads\/2023\/06\/Climatisateur.png",443,291,false],"portfolio_item-thumbnail@2x":["https:\/\/immobilier.topconsult.fr\/wp-content\/uploads\/2023\/06\/Climatisateur.png",443,291,false],"portfolio_item-masonry":["https:\/\/immobilier.topconsult.fr\/wp-content\/uploads\/2023\/06\/Climatisateur.png",443,291,false],"portfolio_item-masonry@2x":["https:\/\/immobilier.topconsult.fr\/wp-content\/uploads\/2023\/06\/Climatisateur.png",443,291,false],"portfolio_item-thumbnail_cinema":["https:\/\/immobilier.topconsult.fr\/wp-content\/uploads\/2023\/06\/Climatisateur.png",443,291,false],"portfolio_item-thumbnail_portrait":["https:\/\/immobilier.topconsult.fr\/wp-content\/uploads\/2023\/06\/Climatisateur.png",443,291,false],"portfolio_item-thumbnail_portrait@2x":["https:\/\/immobilier.topconsult.fr\/wp-content\/uploads\/2023\/06\/Climatisateur.png",443,291,false],"portfolio_item-thumbnail_square":["https:\/\/immobilier.topconsult.fr\/wp-content\/uploads\/2023\/06\/Climatisateur.png",443,291,false]},"_links":{"self":[{"href":"https:\/\/immobilier.topconsult.fr\/index.php\/wp-json\/wp\/v2\/product\/109","targetHints":{"allow":["GET"]}}],"collection":[{"href":"https:\/\/immobilier.topconsult.fr\/index.php\/wp-json\/wp\/v2\/product"}],"about":[{"href":"https:\/\/immobilier.topconsult.fr\/index.php\/wp-json\/wp\/v2\/types\/product"}],"replies":[{"embeddable":true,"href":"https:\/\/immobilier.topconsult.fr\/index.php\/wp-json\/wp\/v2\/comments?post=109"}],"wp:featuredmedia":[{"embeddable":true,"href":"https:\/\/immobilier.topconsult.fr\/index.php\/wp-json\/wp\/v2\/media\/110"}],"wp:attachment":[{"href":"https:\/\/immobilier.topconsult.fr\/index.php\/wp-json\/wp\/v2\/media?parent=109"}],"wp:term":[{"taxonomy":"product_cat","embeddable":true,"href":"https:\/\/immobilier.topconsult.fr\/index.php\/wp-json\/wp\/v2\/product_cat?post=109"},{"taxonomy":"product_tag","embeddable":true,"href":"https:\/\/immobilier.topconsult.fr\/index.php\/wp-json\/wp\/v2\/product_tag?post=109"}],"curies":[{"name":"wp","href":"https:\/\/api.w.org\/{rel}","templated":true}]}}