{"id":136,"date":"2023-06-28T09:40:36","date_gmt":"2023-06-28T10:40:36","guid":{"rendered":"https:\/\/immobilier.topconsult.fr\/?post_type=product&#038;p=136"},"modified":"2023-06-28T10:53:44","modified_gmt":"2023-06-28T11:53:44","slug":"installateur-robinet","status":"publish","type":"product","link":"https:\/\/immobilier.topconsult.fr\/index.php\/produit\/installateur-robinet\/","title":{"rendered":"Installateur Robinet"},"content":{"rendered":"<p>Vous avez besoin d&#8217;installer un nouveau robinet ou vous souhaitez le faire r\u00e9parer ?<\/p>\n<p>Cette solution est id\u00e9ale pour ma\u00eetriser les co\u00fbts li\u00e9s \u00e0 l&#8217;installation.<\/p>\n<p>&nbsp;<\/p>\n","protected":false},"excerpt":{"rendered":"<p>Un technicien viendra se rendre \u00e0 votre domicile pour effectuer l&#8217;installation ou le remplacement du robinet.<\/p>\n<p>Le tarif comprend.<\/p>\n<ul>\n<li>Le d\u00e9placement<\/li>\n<li>La main d&#8217;oeuvre<\/li>\n<\/ul>\n","protected":false},"featured_media":67,"comment_status":"open","ping_status":"closed","template":"","meta":{"_joinchat":[]},"product_cat":[19],"product_tag":[],"class_list":["post-136","product","type-product","status-publish","has-post-thumbnail","hentry","product_cat-plomberie"],"featured_media_urls":{"thumbnail":["https:\/\/immobilier.topconsult.fr\/wp-content\/uploads\/2023\/06\/Lavabos-1-150x150.png",150,150,true],"medium":["https:\/\/immobilier.topconsult.fr\/wp-content\/uploads\/2023\/06\/Lavabos-1-300x199.png",300,199,true],"medium_large":["https:\/\/immobilier.topconsult.fr\/wp-content\/uploads\/2023\/06\/Lavabos-1.png",442,293,false],"large":["https:\/\/immobilier.topconsult.fr\/wp-content\/uploads\/2023\/06\/Lavabos-1.png",442,293,false],"1536x1536":["https:\/\/immobilier.topconsult.fr\/wp-content\/uploads\/2023\/06\/Lavabos-1.png",442,293,false],"2048x2048":["https:\/\/immobilier.topconsult.fr\/wp-content\/uploads\/2023\/06\/Lavabos-1.png",442,293,false],"inspiro-featured-image":["https:\/\/immobilier.topconsult.fr\/wp-content\/uploads\/2023\/06\/Lavabos-1.png",442,293,false],"inspiro-loop":["https:\/\/immobilier.topconsult.fr\/wp-content\/uploads\/2023\/06\/Lavabos-1.png",442,293,false],"inspiro-loop@2x":["https:\/\/immobilier.topconsult.fr\/wp-content\/uploads\/2023\/06\/Lavabos-1.png",442,293,false],"mailpoet_newsletter_max":["https:\/\/immobilier.topconsult.fr\/wp-content\/uploads\/2023\/06\/Lavabos-1.png",442,293,false],"woocommerce_thumbnail":["https:\/\/immobilier.topconsult.fr\/wp-content\/uploads\/2023\/06\/Lavabos-1-300x293.png",300,293,true],"woocommerce_single":["https:\/\/immobilier.topconsult.fr\/wp-content\/uploads\/2023\/06\/Lavabos-1.png",442,293,false],"woocommerce_gallery_thumbnail":["https:\/\/immobilier.topconsult.fr\/wp-content\/uploads\/2023\/06\/Lavabos-1-100x100.png",100,100,true],"portfolio_item-thumbnail":["https:\/\/immobilier.topconsult.fr\/wp-content\/uploads\/2023\/06\/Lavabos-1.png",442,293,false],"portfolio_item-thumbnail@2x":["https:\/\/immobilier.topconsult.fr\/wp-content\/uploads\/2023\/06\/Lavabos-1.png",442,293,false],"portfolio_item-masonry":["https:\/\/immobilier.topconsult.fr\/wp-content\/uploads\/2023\/06\/Lavabos-1.png",442,293,false],"portfolio_item-masonry@2x":["https:\/\/immobilier.topconsult.fr\/wp-content\/uploads\/2023\/06\/Lavabos-1.png",442,293,false],"portfolio_item-thumbnail_cinema":["https:\/\/immobilier.topconsult.fr\/wp-content\/uploads\/2023\/06\/Lavabos-1.png",442,293,false],"portfolio_item-thumbnail_portrait":["https:\/\/immobilier.topconsult.fr\/wp-content\/uploads\/2023\/06\/Lavabos-1.png",442,293,false],"portfolio_item-thumbnail_portrait@2x":["https:\/\/immobilier.topconsult.fr\/wp-content\/uploads\/2023\/06\/Lavabos-1.png",442,293,false],"portfolio_item-thumbnail_square":["https:\/\/immobilier.topconsult.fr\/wp-content\/uploads\/2023\/06\/Lavabos-1.png",442,293,false]},"_links":{"self":[{"href":"https:\/\/immobilier.topconsult.fr\/index.php\/wp-json\/wp\/v2\/product\/136","targetHints":{"allow":["GET"]}}],"collection":[{"href":"https:\/\/immobilier.topconsult.fr\/index.php\/wp-json\/wp\/v2\/product"}],"about":[{"href":"https:\/\/immobilier.topconsult.fr\/index.php\/wp-json\/wp\/v2\/types\/product"}],"replies":[{"embeddable":true,"href":"https:\/\/immobilier.topconsult.fr\/index.php\/wp-json\/wp\/v2\/comments?post=136"}],"wp:featuredmedia":[{"embeddable":true,"href":"https:\/\/immobilier.topconsult.fr\/index.php\/wp-json\/wp\/v2\/media\/67"}],"wp:attachment":[{"href":"https:\/\/immobilier.topconsult.fr\/index.php\/wp-json\/wp\/v2\/media?parent=136"}],"wp:term":[{"taxonomy":"product_cat","embeddable":true,"href":"https:\/\/immobilier.topconsult.fr\/index.php\/wp-json\/wp\/v2\/product_cat?post=136"},{"taxonomy":"product_tag","embeddable":true,"href":"https:\/\/immobilier.topconsult.fr\/index.php\/wp-json\/wp\/v2\/product_tag?post=136"}],"curies":[{"name":"wp","href":"https:\/\/api.w.org\/{rel}","templated":true}]}}