{"id":152,"date":"2023-06-28T12:47:58","date_gmt":"2023-06-28T13:47:58","guid":{"rendered":"https:\/\/immobilier.topconsult.fr\/?post_type=product&#038;p=152"},"modified":"2023-06-28T12:47:59","modified_gmt":"2023-06-28T13:47:59","slug":"reparation-mur","status":"publish","type":"product","link":"https:\/\/immobilier.topconsult.fr\/index.php\/produit\/reparation-mur\/","title":{"rendered":"R\u00e9paration mur"},"content":{"rendered":"<p>Vous avez besoin de r\u00e9parer vos murs et plafonds ?<\/p>\n<p>Notre prestation comprend en fonction de votre besoin :<\/p>\n<ul>\n<li>La main d&#8217;oeuvre et le d\u00e9placement<\/li>\n<li>La fourniture des enduits<\/li>\n<li>La remise en \u00e9tat des murs\/plafonds<\/li>\n<li>La r\u00e9alisation d&#8217;une premi\u00e8re couche<\/li>\n<li>V\u00e9rification de l&#8217;\u00e9tat des murs<\/li>\n<li>La r\u00e9alisation d&#8217;une deuxi\u00e8me couche.<\/li>\n<\/ul>\n","protected":false},"excerpt":{"rendered":"<p>Vous avez besoin de r\u00e9parer vos murs et plafonds ? Notre prestation comprend en fonction de votre besoin : La main d&#8217;oeuvre et le d\u00e9placement La fourniture des enduits La remise en \u00e9tat des murs\/plafonds La r\u00e9alisation d&#8217;une premi\u00e8re couche V\u00e9rification de l&#8217;\u00e9tat des murs La r\u00e9alisation d&#8217;une deuxi\u00e8me couche.<\/p>\n","protected":false},"featured_media":55,"comment_status":"open","ping_status":"closed","template":"","meta":{"_joinchat":[]},"product_cat":[20],"product_tag":[],"class_list":["post-152","product","type-product","status-publish","has-post-thumbnail","hentry","product_cat-peinture"],"featured_media_urls":{"thumbnail":["https:\/\/immobilier.topconsult.fr\/wp-content\/uploads\/2023\/06\/peintre-1-150x150.png",150,150,true],"medium":["https:\/\/immobilier.topconsult.fr\/wp-content\/uploads\/2023\/06\/peintre-1-300x197.png",300,197,true],"medium_large":["https:\/\/immobilier.topconsult.fr\/wp-content\/uploads\/2023\/06\/peintre-1.png",449,295,false],"large":["https:\/\/immobilier.topconsult.fr\/wp-content\/uploads\/2023\/06\/peintre-1.png",449,295,false],"1536x1536":["https:\/\/immobilier.topconsult.fr\/wp-content\/uploads\/2023\/06\/peintre-1.png",449,295,false],"2048x2048":["https:\/\/immobilier.topconsult.fr\/wp-content\/uploads\/2023\/06\/peintre-1.png",449,295,false],"inspiro-featured-image":["https:\/\/immobilier.topconsult.fr\/wp-content\/uploads\/2023\/06\/peintre-1.png",449,295,false],"inspiro-loop":["https:\/\/immobilier.topconsult.fr\/wp-content\/uploads\/2023\/06\/peintre-1.png",449,295,false],"inspiro-loop@2x":["https:\/\/immobilier.topconsult.fr\/wp-content\/uploads\/2023\/06\/peintre-1.png",449,295,false],"mailpoet_newsletter_max":["https:\/\/immobilier.topconsult.fr\/wp-content\/uploads\/2023\/06\/peintre-1.png",449,295,false],"woocommerce_thumbnail":["https:\/\/immobilier.topconsult.fr\/wp-content\/uploads\/2023\/06\/peintre-1-300x295.png",300,295,true],"woocommerce_single":["https:\/\/immobilier.topconsult.fr\/wp-content\/uploads\/2023\/06\/peintre-1.png",449,295,false],"woocommerce_gallery_thumbnail":["https:\/\/immobilier.topconsult.fr\/wp-content\/uploads\/2023\/06\/peintre-1-100x100.png",100,100,true],"portfolio_item-thumbnail":["https:\/\/immobilier.topconsult.fr\/wp-content\/uploads\/2023\/06\/peintre-1.png",449,295,false],"portfolio_item-thumbnail@2x":["https:\/\/immobilier.topconsult.fr\/wp-content\/uploads\/2023\/06\/peintre-1.png",449,295,false],"portfolio_item-masonry":["https:\/\/immobilier.topconsult.fr\/wp-content\/uploads\/2023\/06\/peintre-1.png",449,295,false],"portfolio_item-masonry@2x":["https:\/\/immobilier.topconsult.fr\/wp-content\/uploads\/2023\/06\/peintre-1.png",449,295,false],"portfolio_item-thumbnail_cinema":["https:\/\/immobilier.topconsult.fr\/wp-content\/uploads\/2023\/06\/peintre-1.png",449,295,false],"portfolio_item-thumbnail_portrait":["https:\/\/immobilier.topconsult.fr\/wp-content\/uploads\/2023\/06\/peintre-1.png",449,295,false],"portfolio_item-thumbnail_portrait@2x":["https:\/\/immobilier.topconsult.fr\/wp-content\/uploads\/2023\/06\/peintre-1.png",449,295,false],"portfolio_item-thumbnail_square":["https:\/\/immobilier.topconsult.fr\/wp-content\/uploads\/2023\/06\/peintre-1.png",449,295,false]},"_links":{"self":[{"href":"https:\/\/immobilier.topconsult.fr\/index.php\/wp-json\/wp\/v2\/product\/152","targetHints":{"allow":["GET"]}}],"collection":[{"href":"https:\/\/immobilier.topconsult.fr\/index.php\/wp-json\/wp\/v2\/product"}],"about":[{"href":"https:\/\/immobilier.topconsult.fr\/index.php\/wp-json\/wp\/v2\/types\/product"}],"replies":[{"embeddable":true,"href":"https:\/\/immobilier.topconsult.fr\/index.php\/wp-json\/wp\/v2\/comments?post=152"}],"wp:featuredmedia":[{"embeddable":true,"href":"https:\/\/immobilier.topconsult.fr\/index.php\/wp-json\/wp\/v2\/media\/55"}],"wp:attachment":[{"href":"https:\/\/immobilier.topconsult.fr\/index.php\/wp-json\/wp\/v2\/media?parent=152"}],"wp:term":[{"taxonomy":"product_cat","embeddable":true,"href":"https:\/\/immobilier.topconsult.fr\/index.php\/wp-json\/wp\/v2\/product_cat?post=152"},{"taxonomy":"product_tag","embeddable":true,"href":"https:\/\/immobilier.topconsult.fr\/index.php\/wp-json\/wp\/v2\/product_tag?post=152"}],"curies":[{"name":"wp","href":"https:\/\/api.w.org\/{rel}","templated":true}]}}