{"id":156,"date":"2023-06-28T12:49:50","date_gmt":"2023-06-28T13:49:50","guid":{"rendered":"https:\/\/immobilier.topconsult.fr\/?post_type=product&#038;p=156"},"modified":"2023-06-28T12:55:03","modified_gmt":"2023-06-28T13:55:03","slug":"installateur-douche","status":"publish","type":"product","link":"https:\/\/immobilier.topconsult.fr\/index.php\/produit\/installateur-douche\/","title":{"rendered":"Installateur Douche"},"content":{"rendered":"<p>Vous avez besoin d&#8217;installer une nouvelle douche ou vous souhaitez la faire r\u00e9parer ?<\/p>\n<p>Cette solution est id\u00e9ale pour ma\u00eetriser les co\u00fbts li\u00e9s \u00e0 l&#8217;installation.<\/p>\n<p>&nbsp;<\/p>\n","protected":false},"excerpt":{"rendered":"<p>Un technicien viendra se rendre \u00e0 votre domicile pour effectuer l&#8217;installation ou le remplacement du robinet.<\/p>\n<p>Le tarif comprend.<\/p>\n<ul>\n<li>Le d\u00e9placement<\/li>\n<li>La main d&#8217;oeuvre<\/li>\n<\/ul>\n","protected":false},"featured_media":76,"comment_status":"open","ping_status":"closed","template":"","meta":{"_joinchat":[]},"product_cat":[19],"product_tag":[],"class_list":["post-156","product","type-product","status-publish","has-post-thumbnail","hentry","product_cat-plomberie"],"featured_media_urls":{"thumbnail":["https:\/\/immobilier.topconsult.fr\/wp-content\/uploads\/2023\/06\/Salle-de-bain-1-150x150.png",150,150,true],"medium":["https:\/\/immobilier.topconsult.fr\/wp-content\/uploads\/2023\/06\/Salle-de-bain-1-229x300.png",229,300,true],"medium_large":["https:\/\/immobilier.topconsult.fr\/wp-content\/uploads\/2023\/06\/Salle-de-bain-1.png",550,719,false],"large":["https:\/\/immobilier.topconsult.fr\/wp-content\/uploads\/2023\/06\/Salle-de-bain-1.png",550,719,false],"1536x1536":["https:\/\/immobilier.topconsult.fr\/wp-content\/uploads\/2023\/06\/Salle-de-bain-1.png",550,719,false],"2048x2048":["https:\/\/immobilier.topconsult.fr\/wp-content\/uploads\/2023\/06\/Salle-de-bain-1.png",550,719,false],"inspiro-featured-image":["https:\/\/immobilier.topconsult.fr\/wp-content\/uploads\/2023\/06\/Salle-de-bain-1.png",550,719,false],"inspiro-loop":["https:\/\/immobilier.topconsult.fr\/wp-content\/uploads\/2023\/06\/Salle-de-bain-1-550x320.png",550,320,true],"inspiro-loop@2x":["https:\/\/immobilier.topconsult.fr\/wp-content\/uploads\/2023\/06\/Salle-de-bain-1-550x640.png",550,640,true],"mailpoet_newsletter_max":["https:\/\/immobilier.topconsult.fr\/wp-content\/uploads\/2023\/06\/Salle-de-bain-1.png",550,719,false],"woocommerce_thumbnail":["https:\/\/immobilier.topconsult.fr\/wp-content\/uploads\/2023\/06\/Salle-de-bain-1-300x300.png",300,300,true],"woocommerce_single":["https:\/\/immobilier.topconsult.fr\/wp-content\/uploads\/2023\/06\/Salle-de-bain-1.png",550,719,false],"woocommerce_gallery_thumbnail":["https:\/\/immobilier.topconsult.fr\/wp-content\/uploads\/2023\/06\/Salle-de-bain-1-100x100.png",100,100,true],"portfolio_item-thumbnail":["https:\/\/immobilier.topconsult.fr\/wp-content\/uploads\/2023\/06\/Salle-de-bain-1-550x400.png",550,400,true],"portfolio_item-thumbnail@2x":["https:\/\/immobilier.topconsult.fr\/wp-content\/uploads\/2023\/06\/Salle-de-bain-1.png",550,719,false],"portfolio_item-masonry":["https:\/\/immobilier.topconsult.fr\/wp-content\/uploads\/2023\/06\/Salle-de-bain-1.png",550,719,false],"portfolio_item-masonry@2x":["https:\/\/immobilier.topconsult.fr\/wp-content\/uploads\/2023\/06\/Salle-de-bain-1.png",550,719,false],"portfolio_item-thumbnail_cinema":["https:\/\/immobilier.topconsult.fr\/wp-content\/uploads\/2023\/06\/Salle-de-bain-1-550x335.png",550,335,true],"portfolio_item-thumbnail_portrait":["https:\/\/immobilier.topconsult.fr\/wp-content\/uploads\/2023\/06\/Salle-de-bain-1.png",550,719,false],"portfolio_item-thumbnail_portrait@2x":["https:\/\/immobilier.topconsult.fr\/wp-content\/uploads\/2023\/06\/Salle-de-bain-1.png",550,719,false],"portfolio_item-thumbnail_square":["https:\/\/immobilier.topconsult.fr\/wp-content\/uploads\/2023\/06\/Salle-de-bain-1.png",550,719,false]},"_links":{"self":[{"href":"https:\/\/immobilier.topconsult.fr\/index.php\/wp-json\/wp\/v2\/product\/156","targetHints":{"allow":["GET"]}}],"collection":[{"href":"https:\/\/immobilier.topconsult.fr\/index.php\/wp-json\/wp\/v2\/product"}],"about":[{"href":"https:\/\/immobilier.topconsult.fr\/index.php\/wp-json\/wp\/v2\/types\/product"}],"replies":[{"embeddable":true,"href":"https:\/\/immobilier.topconsult.fr\/index.php\/wp-json\/wp\/v2\/comments?post=156"}],"wp:featuredmedia":[{"embeddable":true,"href":"https:\/\/immobilier.topconsult.fr\/index.php\/wp-json\/wp\/v2\/media\/76"}],"wp:attachment":[{"href":"https:\/\/immobilier.topconsult.fr\/index.php\/wp-json\/wp\/v2\/media?parent=156"}],"wp:term":[{"taxonomy":"product_cat","embeddable":true,"href":"https:\/\/immobilier.topconsult.fr\/index.php\/wp-json\/wp\/v2\/product_cat?post=156"},{"taxonomy":"product_tag","embeddable":true,"href":"https:\/\/immobilier.topconsult.fr\/index.php\/wp-json\/wp\/v2\/product_tag?post=156"}],"curies":[{"name":"wp","href":"https:\/\/api.w.org\/{rel}","templated":true}]}}